{"id":94,"date":"2023-01-28T13:39:52","date_gmt":"2023-01-28T13:39:52","guid":{"rendered":"https:\/\/reglazingbathtubs.com\/?page_id=94"},"modified":"2024-09-11T05:30:55","modified_gmt":"2024-09-11T05:30:55","slug":"bathtub-refinishing","status":"publish","type":"page","link":"https:\/\/bathtub-refinishing-chicago.com\/es\/services\/bathtub-refinishing\/","title":{"rendered":"Bathtub refinishing"},"content":{"rendered":"<!--themify_builder_content-->\n<div id=\"themify_builder_content-94\" data-postid=\"94\" class=\"themify_builder_content themify_builder_content-94 themify_builder tf_clear\">\n    \t<!-- module_row -->\n\t<div  data-css_id=\"a670675\" data-lazy=\"1\" class=\"module_row themify_builder_row builder-parallax-scrolling fullwidth_row_container tb_a670675 tb_first tf_clearfix wow\" data-tf-animation=\"fadeIn\" >\n\t    <div class=\"builder_row_cover tf_abs\"><\/div>\t\t<div class=\"row_inner col_align_top col-count-1 tf_box tf_w tf_rel\">\n\t\t\t<div  data-lazy=\"1\" class=\"module_column tb-column col-full first tb_klvz677 tf_box\">\n\t\t\t    \t        <div class=\"tb-column-inner tf_box tf_w\">\n\t\t    <!-- module text -->\n<div  class=\"module module-text tb_9tqy677    wow\" data-tf-animation=\"fadeInUp\" data-lazy=\"1\">\n        <div  class=\"tb_text_wrap\">\n    <h1>Renovaci\u00f3n de ba\u00f1eras<\/h1>    <\/div>\n<\/div>\n<!-- \/module text -->\t        <\/div>\n\t    \t<\/div>\n\t\t    <\/div>\n\t    <!-- \/row_inner -->\n\t<\/div>\n\t<!-- \/module_row -->\n\t\t<!-- module_row -->\n\t<div  data-lazy=\"1\" class=\"module_row themify_builder_row tb_jroy675 tf_clearfix\" >\n\t    \t\t<div class=\"row_inner col_align_top col-count-1 tf_box tf_w tf_rel\">\n\t\t\t<div  data-lazy=\"1\" class=\"module_column tb-column col-full first tb_qb7h678 tf_box\">\n\t\t\t    \t        <div class=\"tb-column-inner tf_box tf_w\">\n\t\t    \t<div  data-lazy=\"1\" class=\"module_subrow themify_builder_sub_row tb_gaqw678 tf_w tf_clearfix\">\n\t    \t\t<div class=\"subrow_inner col_align_top col-count-1 tf_box tf_w\">\n\t\t\t<div  data-lazy=\"1\" class=\"sub_column module_column tf_box col-full first tb_4lox679\"> \n\t    \t    \t        <div class=\"tb-column-inner tf_box tf_w\">\n\t\t    <!-- module text -->\n<div  class=\"module module-text tb_mb8w885   \" data-lazy=\"1\">\n        <div  class=\"tb_text_wrap\">\n    <h2>\u00bfQu\u00e9 es el reacondicionamiento de la ba\u00f1era?<\/h2>\n<p>Restaurar ba\u00f1eras es un proceso r\u00e1pido y econ\u00f3mico que consiste en lijar la superficie, rellenar las grietas y las zonas desconchadas, aplicar capas de imprimaci\u00f3n y pintura y pulir la superficie. El proceso tambi\u00e9n se conoce como reacabado, renovaci\u00f3n de la superficie y recubrimiento.<\/p>\n<p>Las superficies de porcelana, fibra de vidrio, acr\u00edlico y cer\u00e1mica se pueden restaurar. Si se hace correctamente, su ba\u00f1era restaurada puede lucir como nueva en tan solo unas horas.<\/p>\n<h2>\u00bfCuanto tiempo tarda el repintado?<\/h2>\n<p>Renovar una ba\u00f1era solo lleva menos de un d\u00eda, y algunos expertos en renovaci\u00f3n solo tardan unas horas en terminarlo.<\/p>\n<h2>\u00bfCu\u00e1ndo puedo utilizar mi ba\u00f1era reacondicionada?<\/h2>\n<p>Una ba\u00f1era restaurada suele estar lista para usarse entre 48 y 72 horas despu\u00e9s de que finaliza el proceso. Por otro lado, algunas empresas de restauraci\u00f3n utilizan materiales que se secan r\u00e1pidamente y estar\u00e1n listos para usarse despu\u00e9s de 24 horas. Adem\u00e1s, algunas pueden proporcionar un producto que se cura en 4 horas para que pueda usar su ba\u00f1era el mismo d\u00eda.<\/p>\n<h2>\u00bfCu\u00e1nto dura una ba\u00f1era reacondicionada?<\/h2>\n<p>Por lo general, una ba\u00f1era restaurada dura unos cinco a\u00f1os, ya que se desgastar\u00e1 naturalmente con el uso y la limpieza. Al tercer o cuarto a\u00f1o, la ba\u00f1era puede ser mucho m\u00e1s propensa a las grietas y las muescas, e incluso las muescas m\u00e1s peque\u00f1as se har\u00e1n m\u00e1s grandes a menos que las repare. Sin embargo, dependiendo de la calidad de los materiales utilizados durante el reacondicionamiento y de c\u00f3mo la mantenga despu\u00e9s, la ba\u00f1era puede durar hasta 10 o 15 a\u00f1os, algunas incluso m\u00e1s.<\/p>\n<p>Para lograr un acabado de ba\u00f1era hermoso y duradero, recuerde siempre obtener ayuda de empresas de reacondicionamiento profesionales con un proceso de reacondicionamiento refinado.<\/p>\n<h2>Conclusi\u00f3n<\/h2>\n<p>El reacondicionamiento de ba\u00f1eras es una forma conveniente y rentable de restaurar el brillo original de su ba\u00f1era. Si bien no es una soluci\u00f3n permanente, puede extender la vida \u00fatil de la nueva capa a diez a\u00f1os o m\u00e1s si la cuida adecuadamente, por ejemplo, evitando los limpiadores abrasivos y dejar caer objetos dentro de la ba\u00f1era.<\/p>\n<p>Si necesita servicios profesionales de reacondicionamiento de ba\u00f1eras en Chicago, somos los indicados para usted. \u00a1Estaremos m\u00e1s que felices de darle a sus ba\u00f1eras un acabado duradero que le encantar\u00e1!<\/p>    <\/div>\n<\/div>\n<!-- \/module text -->\t        <\/div>\n\t    \t<\/div>\n\t\t    <\/div>\n\t<\/div><!-- \/themify_builder_sub_row -->\n\t\t        <\/div>\n\t    \t<\/div>\n\t\t    <\/div>\n\t    <!-- \/row_inner -->\n\t<\/div>\n\t<!-- \/module_row -->\n\t\t<!-- module_row -->\n\t<div  data-lazy=\"1\" class=\"module_row themify_builder_row tb_act412 tf_clearfix\" >\n\t    \t\t<div class=\"row_inner col_align_top col-count-1 tf_box tf_w tf_rel\">\n\t\t\t<div  data-lazy=\"1\" class=\"module_column tb-column col-full first tb_3a5913 tf_box\">\n\t\t\t    \t        <div class=\"tb-column-inner tf_box tf_w\">\n\t\t    \t<div  data-lazy=\"1\" class=\"module_subrow themify_builder_sub_row tb_xunc13 tf_w tf_clearfix\">\n\t    \t\t<div class=\"subrow_inner col_align_top col-count-2 tf_box tf_w\">\n\t\t\t<div  data-lazy=\"1\" class=\"sub_column module_column tf_box col2-1 first tb_n27a13\"> \n\t    \t    \t        <div class=\"tb-column-inner tf_box tf_w\">\n\t\t    <!-- module image -->\n<div  class=\"module module-image tb_8ppm13   image-top tf_mw\" data-lazy=\"1\">\n        <div class=\"image-wrap tf_rel tf_mw\">\n\t\t    <img decoding=\"async\" src=\"\/wp-content\/uploads\/2023\/01\/photo_4958524775727213364_y-rotated.jpg\" title=\"Antes\" alt=\"Antes\">\t\n\t\t<\/div>\n\t<!-- \/image-wrap -->\n    \n    \t<div class=\"image-content\">\n\t    \t\t\t<h6 class=\"image-title\">\n\t\t\t\t\t\t\t\t\tAntes\t\t\t\t\t\t\t<\/h6>\n\t    \n\t    \t<\/div>\n\t<!-- \/image-content -->\n    \t<\/div>\n<!-- \/module image -->\t        <\/div>\n\t    \t<\/div>\n\t\t<div  data-lazy=\"1\" class=\"sub_column module_column tf_box col2-1 last tb_sfjm14\"> \n\t    \t    \t        <div class=\"tb-column-inner tf_box tf_w\">\n\t\t    <!-- module image -->\n<div  class=\"module module-image tb_c0jr14   image-top tf_mw\" data-lazy=\"1\">\n        <div class=\"image-wrap tf_rel tf_mw\">\n\t\t    <img decoding=\"async\" src=\"\/wp-content\/uploads\/2023\/01\/a3.jpg\" title=\"Despu\u00e9s\" alt=\"Despu\u00e9s\">\t\n\t\t<\/div>\n\t<!-- \/image-wrap -->\n    \n    \t<div class=\"image-content\">\n\t    \t\t\t<h6 class=\"image-title\">\n\t\t\t\t\t\t\t\t\tDespu\u00e9s\t\t\t\t\t\t\t<\/h6>\n\t    \n\t    \t<\/div>\n\t<!-- \/image-content -->\n    \t<\/div>\n<!-- \/module image -->\t        <\/div>\n\t    \t<\/div>\n\t\t    <\/div>\n\t<\/div><!-- \/themify_builder_sub_row -->\n\t\t        <\/div>\n\t    \t<\/div>\n\t\t    <\/div>\n\t    <!-- \/row_inner -->\n\t<\/div>\n\t<!-- \/module_row -->\n\t<\/div>\n<!--\/themify_builder_content-->","protected":false},"excerpt":{"rendered":"<p>Renovaci\u00f3n de ba\u00f1eras \u00bfQu\u00e9 es el reacondicionamiento de la ba\u00f1era? Restaurar ba\u00f1eras es un proceso r\u00e1pido y econ\u00f3mico que consiste en lijar la superficie, rellenar las grietas y las zonas desconchadas, aplicar capas de imprimaci\u00f3n y pintura y pulir la superficie. El proceso tambi\u00e9n se conoce como reacabado, renovaci\u00f3n de la superficie y recubrimiento. Las [&hellip;]<\/p>\n","protected":false},"author":1,"featured_media":0,"parent":31,"menu_order":0,"comment_status":"closed","ping_status":"closed","template":"","meta":{"om_disable_all_campaigns":false,"_monsterinsights_skip_tracking":false,"_monsterinsights_sitenote_active":false,"_monsterinsights_sitenote_note":"","_monsterinsights_sitenote_category":0,"footnotes":""},"class_list":["post-94","page","type-page","status-publish","hentry","has-post-title","has-post-date","has-post-category","has-post-tag","has-post-comment","has-post-author",""],"aioseo_notices":[],"builder_content":"<h1>Renovaci\u00f3n de ba\u00f1eras<\/h1>\n<h2>\u00bfQu\u00e9 es el reacondicionamiento de la ba\u00f1era?<\/h2> <p>Restaurar ba\u00f1eras es un proceso r\u00e1pido y econ\u00f3mico que consiste en lijar la superficie, rellenar las grietas y las zonas desconchadas, aplicar capas de imprimaci\u00f3n y pintura y pulir la superficie. El proceso tambi\u00e9n se conoce como reacabado, renovaci\u00f3n de la superficie y recubrimiento.<\/p> <p>Las superficies de porcelana, fibra de vidrio, acr\u00edlico y cer\u00e1mica se pueden restaurar. Si se hace correctamente, su ba\u00f1era restaurada puede lucir como nueva en tan solo unas horas.<\/p> <h2>\u00bfCuanto tiempo tarda el repintado?<\/h2> <p>Renovar una ba\u00f1era solo lleva menos de un d\u00eda, y algunos expertos en renovaci\u00f3n solo tardan unas horas en terminarlo.<\/p> <h2>\u00bfCu\u00e1ndo puedo utilizar mi ba\u00f1era reacondicionada?<\/h2> <p>Una ba\u00f1era restaurada suele estar lista para usarse entre 48 y 72 horas despu\u00e9s de que finaliza el proceso. Por otro lado, algunas empresas de restauraci\u00f3n utilizan materiales que se secan r\u00e1pidamente y estar\u00e1n listos para usarse despu\u00e9s de 24 horas. Adem\u00e1s, algunas pueden proporcionar un producto que se cura en 4 horas para que pueda usar su ba\u00f1era el mismo d\u00eda.<\/p> <h2>\u00bfCu\u00e1nto dura una ba\u00f1era reacondicionada?<\/h2> <p>Por lo general, una ba\u00f1era restaurada dura unos cinco a\u00f1os, ya que se desgastar\u00e1 naturalmente con el uso y la limpieza. Al tercer o cuarto a\u00f1o, la ba\u00f1era puede ser mucho m\u00e1s propensa a las grietas y las muescas, e incluso las muescas m\u00e1s peque\u00f1as se har\u00e1n m\u00e1s grandes a menos que las repare. Sin embargo, dependiendo de la calidad de los materiales utilizados durante el reacondicionamiento y de c\u00f3mo la mantenga despu\u00e9s, la ba\u00f1era puede durar hasta 10 o 15 a\u00f1os, algunas incluso m\u00e1s.<\/p> <p>Para lograr un acabado de ba\u00f1era hermoso y duradero, recuerde siempre obtener ayuda de empresas de reacondicionamiento profesionales con un proceso de reacondicionamiento refinado.<\/p> <h2>Conclusi\u00f3n<\/h2> <p>El reacondicionamiento de ba\u00f1eras es una forma conveniente y rentable de restaurar el brillo original de su ba\u00f1era. Si bien no es una soluci\u00f3n permanente, puede extender la vida \u00fatil de la nueva capa a diez a\u00f1os o m\u00e1s si la cuida adecuadamente, por ejemplo, evitando los limpiadores abrasivos y dejar caer objetos dentro de la ba\u00f1era.<\/p> <p>Si necesita servicios profesionales de reacondicionamiento de ba\u00f1eras en Chicago, somos los indicados para usted. \u00a1Estaremos m\u00e1s que felices de darle a sus ba\u00f1eras un acabado duradero que le encantar\u00e1!<\/p>\n<img src=\"\/wp-content\/uploads\/2023\/01\/photo_4958524775727213364_y-rotated.jpg\" title=\"Antes\" alt=\"Antes\"> <h6> Antes <\/h6>\n<img src=\"\/wp-content\/uploads\/2023\/01\/a3.jpg\" title=\"Despu\u00e9s\" alt=\"Despu\u00e9s\"> <h6> Despu\u00e9s <\/h6>","_links":{"self":[{"href":"https:\/\/bathtub-refinishing-chicago.com\/es\/wp-json\/wp\/v2\/pages\/94"}],"collection":[{"href":"https:\/\/bathtub-refinishing-chicago.com\/es\/wp-json\/wp\/v2\/pages"}],"about":[{"href":"https:\/\/bathtub-refinishing-chicago.com\/es\/wp-json\/wp\/v2\/types\/page"}],"author":[{"embeddable":true,"href":"https:\/\/bathtub-refinishing-chicago.com\/es\/wp-json\/wp\/v2\/users\/1"}],"replies":[{"embeddable":true,"href":"https:\/\/bathtub-refinishing-chicago.com\/es\/wp-json\/wp\/v2\/comments?post=94"}],"version-history":[{"count":16,"href":"https:\/\/bathtub-refinishing-chicago.com\/es\/wp-json\/wp\/v2\/pages\/94\/revisions"}],"predecessor-version":[{"id":315,"href":"https:\/\/bathtub-refinishing-chicago.com\/es\/wp-json\/wp\/v2\/pages\/94\/revisions\/315"}],"up":[{"embeddable":true,"href":"https:\/\/bathtub-refinishing-chicago.com\/es\/wp-json\/wp\/v2\/pages\/31"}],"wp:attachment":[{"href":"https:\/\/bathtub-refinishing-chicago.com\/es\/wp-json\/wp\/v2\/media?parent=94"}],"curies":[{"name":"wp","href":"https:\/\/api.w.org\/{rel}","templated":true}]}}