{"id":31,"date":"2016-12-28T05:25:03","date_gmt":"2016-12-28T05:25:03","guid":{"rendered":"https:\/\/reglazingbathtubs.com\/index.php\/services\/"},"modified":"2024-09-11T05:28:01","modified_gmt":"2024-09-11T05:28:01","slug":"services","status":"publish","type":"page","link":"https:\/\/bathtub-refinishing-chicago.com\/es\/services\/","title":{"rendered":"Services"},"content":{"rendered":"<!--themify_builder_content-->\n<div id=\"themify_builder_content-31\" data-postid=\"31\" class=\"themify_builder_content themify_builder_content-31 themify_builder tf_clear\">\n    \t<!-- module_row -->\n\t<div  data-css_id=\"llsu823\" data-lazy=\"1\" class=\"module_row themify_builder_row builder-zoom-scrolling fullwidth_row_container tb_llsu823 tb_first tf_clearfix wow\" data-tf-animation=\"fadeIn\" >\n\t    <div class=\"builder_row_cover tf_abs\"><\/div>\t\t<div class=\"row_inner col_align_top col-count-1 tf_box tf_w tf_rel\">\n\t\t\t<div  data-lazy=\"1\" class=\"module_column tb-column col-full first tb_vkem830 tf_box\">\n\t\t\t    \t        <div class=\"tb-column-inner tf_box tf_w\">\n\t\t    <!-- module text -->\n<div  class=\"module module-text tb_7g05833    wow\" data-tf-animation=\"fadeInUp\" data-lazy=\"1\">\n        <div  class=\"tb_text_wrap\">\n    <h1>Servicios<\/h1>    <\/div>\n<\/div>\n<!-- \/module text -->\t        <\/div>\n\t    \t<\/div>\n\t\t    <\/div>\n\t    <!-- \/row_inner -->\n\t<\/div>\n\t<!-- \/module_row -->\n\t\t<!-- module_row -->\n\t<div  data-lazy=\"1\" class=\"module_row themify_builder_row tb_9h7n172 tf_clearfix\" >\n\t    \t\t<div class=\"row_inner col_align_top col-count-1 tf_box tf_w tf_rel\">\n\t\t\t<div  data-lazy=\"1\" class=\"module_column tb-column col-full first tb_fx9n172 tf_box\">\n\t\t\t    \t        <div class=\"tb-column-inner tf_box tf_w\">\n\t\t    <!-- module text -->\n<div  class=\"module module-text tb_fte8172    wow\" data-tf-animation=\"fadeInUp\" data-lazy=\"1\">\n        <div  class=\"tb_text_wrap\">\n    <h2>Nuestros servicios<\/h2>    <\/div>\n<\/div>\n<!-- \/module text -->\t<div  data-lazy=\"1\" class=\"module_subrow themify_builder_sub_row tb_tj8l172 tf_w tf_clearfix\">\n\t    \t\t<div class=\"subrow_inner col_align_top col-count-3 tf_box tf_w\">\n\t\t\t<div  data-lazy=\"1\" class=\"sub_column module_column tf_box col3-1 first tb_3kfu173\" > \n\t    \t    \t        <div class=\"tb-column-inner tf_box tf_w\">\n\t\t    <!-- module image -->\n<div  class=\"module module-image tb_qgfs173 rounded bordered circle  image-center tf_mw wow\" data-tf-animation=\"fadeInLeft\" data-lazy=\"1\">\n        <div class=\"image-wrap tf_rel tf_mw\">\n\t\t    <a href=\"\/es\/services\/bathtub-refinishing\"\n\t       \t       >\n\t\t   \t\t<img decoding=\"async\" src=\"\/wp-content\/uploads\/2023\/01\/bathtub.jpg\" width=\"200\" title=\"Renovaci\u00f3n de ba\u00f1eras\" alt=\"Restaurar su ba\u00f1era es una excelente manera de ayudar a que su vieja ba\u00f1era luzca como nueva nuevamente y, al mismo tiempo, ahorrar dinero. Podemos hacer que su ba\u00f1era luzca como nueva nuevamente, ya sea de acr\u00edlico, hierro fundido, m\u00e1rmol artificial, fibra de vidrio, porcelana u otro material.\">\t    <\/a>\n\t\n\t\t<\/div>\n\t<!-- \/image-wrap -->\n    \n    \t<div class=\"image-content\">\n\t    \t\t\t<h6 class=\"image-title\">\n\t\t\t\t\t\t\t\t\t<a href=\"\/es\/services\/bathtub-refinishing\" \n\t\t\t\t\t   \t\t\t\t\t   >\n\t\t\t\t\t\t   Renovaci\u00f3n de ba\u00f1eras\t\t\t\t\t<\/a>\n\t\t\t\t\t\t\t<\/h6>\n\t    \n\t    \t\t<div class=\"image-caption tb_text_wrap\">\n\t\t    Restaurar su ba\u00f1era es una excelente manera de ayudar a que su vieja ba\u00f1era luzca como nueva nuevamente y, al mismo tiempo, ahorrar dinero. Podemos hacer que su ba\u00f1era luzca como nueva nuevamente, ya sea de acr\u00edlico, hierro fundido, m\u00e1rmol artificial, fibra de vidrio, porcelana u otro material.\t    <\/div>\n\t    <!-- \/image-caption -->\n\t    \t<\/div>\n\t<!-- \/image-content -->\n    \t<\/div>\n<!-- \/module image --><!-- module buttons -->\n<div  class=\"module module-buttons tb_izpw232 buttons-horizontal solid  tf_textc\" data-lazy=\"1\">\n    \t<div class=\"module-buttons-item tf_inline_b\">\n\t\t\t\t\t\t\t<a href=\"\/es\/services\/reglazing-bathtubs\/\" class=\"ui builder_button light-green\" >\n\t\t\t\t\t\t\t\t\t\t\t<span class=\"tf_inline_b tf_vmiddle\">M\u00e1s informaci\u00f3n<\/span>\n\t\t\t\t\t\t\t\t\t\t\t<\/a>\n\t\t\t    \t<\/div>\n\t<\/div>\n<!-- \/module buttons -->\n\t        <\/div>\n\t    \t<\/div>\n\t\t<div  data-lazy=\"1\" class=\"sub_column module_column tf_box col3-1 middle tb_lwsr173\"> \n\t    \t    \t        <div class=\"tb-column-inner tf_box tf_w\">\n\t\t    <!-- module image -->\n<div  class=\"module module-image tb_b2kn173 rounded bordered circle  image-center tf_mw wow\" data-tf-animation=\"fadeInLeft\" data-lazy=\"1\">\n        <div class=\"image-wrap tf_rel tf_mw\">\n\t\t    <a href=\"\/es\/services\/sink-refinishing\"\n\t       \t       >\n\t\t   \t\t<img decoding=\"async\" src=\"\/wp-content\/uploads\/2023\/01\/sink.jpg\" width=\"200\" title=\"Renovaci\u00f3n de lavabos\" alt=\"Ya sea que su fregadero est\u00e9 estropeado por desconchones antiest\u00e9ticos o manchas que no puede quitar sin importar cu\u00e1nto frote, \u00a1no est\u00e1 m\u00e1s all\u00e1 de la reparaci\u00f3n! Sol\u00eda \u200b\u200bser que reemplazar un fregadero era su \u00fanica opci\u00f3n, pero hoy, podemos reparar, restaurar, reacondicionar, renovar, esmaltar y cambiar el color de su fregadero de cocina o ba\u00f1o en solo unas horas por solo una fracci\u00f3n del costo, \u00a1sin desorden, sin complicaciones! \u00a1Lo mejor de todo es que el resultado final es un fregadero que parece nuevo!\">\t    <\/a>\n\t\n\t\t<\/div>\n\t<!-- \/image-wrap -->\n    \n    \t<div class=\"image-content\">\n\t    \t\t\t<h6 class=\"image-title\">\n\t\t\t\t\t\t\t\t\t<a href=\"\/es\/services\/sink-refinishing\" \n\t\t\t\t\t   \t\t\t\t\t   >\n\t\t\t\t\t\t   Renovaci\u00f3n de lavabos\t\t\t\t\t<\/a>\n\t\t\t\t\t\t\t<\/h6>\n\t    \n\t    \t\t<div class=\"image-caption tb_text_wrap\">\n\t\t    Ya sea que su fregadero est\u00e9 estropeado por desconchones antiest\u00e9ticos o manchas que no puede quitar sin importar cu\u00e1nto frote, \u00a1no est\u00e1 m\u00e1s all\u00e1 de la reparaci\u00f3n! Sol\u00eda \u200b\u200bser que reemplazar un fregadero era su \u00fanica opci\u00f3n, pero hoy, podemos reparar, restaurar, reacondicionar, renovar, esmaltar y cambiar el color de su fregadero de cocina o ba\u00f1o en solo unas horas por solo una fracci\u00f3n del costo, \u00a1sin desorden, sin complicaciones! \u00a1Lo mejor de todo es que el resultado final es un fregadero que parece nuevo!\t    <\/div>\n\t    <!-- \/image-caption -->\n\t    \t<\/div>\n\t<!-- \/image-content -->\n    \t<\/div>\n<!-- \/module image --><!-- module buttons -->\n<div  class=\"module module-buttons tb_budm424 buttons-horizontal solid  tf_textc\" data-lazy=\"1\">\n    \t<div class=\"module-buttons-item tf_inline_b\">\n\t\t\t\t\t\t\t<a href=\"\/es\/services\/reglazing-sinks\/\" class=\"ui builder_button light-green\" >\n\t\t\t\t\t\t\t\t\t\t\t<span class=\"tf_inline_b tf_vmiddle\">M\u00e1s informaci\u00f3n<\/span>\n\t\t\t\t\t\t\t\t\t\t\t<\/a>\n\t\t\t    \t<\/div>\n\t<\/div>\n<!-- \/module buttons -->\n\t        <\/div>\n\t    \t<\/div>\n\t\t<div  data-lazy=\"1\" class=\"sub_column module_column tf_box col3-1 last tb_1ulf173\"> \n\t    \t    \t        <div class=\"tb-column-inner tf_box tf_w\">\n\t\t    <!-- module image -->\n<div  class=\"module module-image tb_zzmh173 rounded bordered circle  image-center tf_mw wow\" data-tf-animation=\"fadeInLeft\" data-lazy=\"1\">\n        <div class=\"image-wrap tf_rel tf_mw\">\n\t\t    <a href=\"\/es\/services\/tile-refinishing\/\"\n\t       \t       >\n\t\t   \t\t<img decoding=\"async\" src=\"\/wp-content\/uploads\/2023\/01\/tile.jpg\" width=\"200\" title=\"Renovaci\u00f3n de azulejos\" alt=\"Si sus azulejos est\u00e1n desgastados, agrietados o desconchados, es posible que desee reemplazarlos, pero si el problema es est\u00e9tico en lugar de su estado, entonces renovarlos es una opci\u00f3n perfecta y es una manera f\u00e1cil de actualizar los azulejos del ba\u00f1o sin reemplazarlos. Es una opci\u00f3n mucho m\u00e1s econ\u00f3mica y sencilla que una renovaci\u00f3n total y, dado que los azulejos que se cuidan pueden durar mucho tiempo, renovarlos como una actualizaci\u00f3n de estilo extender\u00e1 su vida \u00fatil.\">\t    <\/a>\n\t\n\t\t<\/div>\n\t<!-- \/image-wrap -->\n    \n    \t<div class=\"image-content\">\n\t    \t\t\t<h6 class=\"image-title\">\n\t\t\t\t\t\t\t\t\t<a href=\"\/es\/services\/tile-refinishing\/\" \n\t\t\t\t\t   \t\t\t\t\t   >\n\t\t\t\t\t\t   Renovaci\u00f3n de azulejos\t\t\t\t\t<\/a>\n\t\t\t\t\t\t\t<\/h6>\n\t    \n\t    \t\t<div class=\"image-caption tb_text_wrap\">\n\t\t    Si sus azulejos est\u00e1n desgastados, agrietados o desconchados, es posible que desee reemplazarlos, pero si el problema es est\u00e9tico en lugar de su estado, entonces renovarlos es una opci\u00f3n perfecta y es una manera f\u00e1cil de actualizar los azulejos del ba\u00f1o sin reemplazarlos. Es una opci\u00f3n mucho m\u00e1s econ\u00f3mica y sencilla que una renovaci\u00f3n total y, dado que los azulejos que se cuidan pueden durar mucho tiempo, renovarlos como una actualizaci\u00f3n de estilo extender\u00e1 su vida \u00fatil.\t    <\/div>\n\t    <!-- \/image-caption -->\n\t    \t<\/div>\n\t<!-- \/image-content -->\n    \t<\/div>\n<!-- \/module image --><!-- module buttons -->\n<div  class=\"module module-buttons tb_natr399 buttons-horizontal solid  tf_textc\" data-lazy=\"1\">\n    \t<div class=\"module-buttons-item tf_inline_b\">\n\t\t\t\t\t\t\t<a href=\"\/es\/services\/reglazing-tiles\/\" class=\"ui builder_button light-green\" >\n\t\t\t\t\t\t\t\t\t\t\t<span class=\"tf_inline_b tf_vmiddle\">M\u00e1s informaci\u00f3n<\/span>\n\t\t\t\t\t\t\t\t\t\t\t<\/a>\n\t\t\t    \t<\/div>\n\t<\/div>\n<!-- \/module buttons -->\n\t        <\/div>\n\t    \t<\/div>\n\t\t    <\/div>\n\t<\/div><!-- \/themify_builder_sub_row -->\n\t\t        <\/div>\n\t    \t<\/div>\n\t\t    <\/div>\n\t    <!-- \/row_inner -->\n\t<\/div>\n\t<!-- \/module_row -->\n\t<\/div>\n<!--\/themify_builder_content-->","protected":false},"excerpt":{"rendered":"<p>Servicios Nuestros servicios Renovaci\u00f3n de ba\u00f1eras Restaurar su ba\u00f1era es una excelente manera de ayudar a que su vieja ba\u00f1era luzca como nueva nuevamente y, al mismo tiempo, ahorrar dinero. Podemos hacer que su ba\u00f1era luzca como nueva nuevamente, ya sea de acr\u00edlico, hierro fundido, m\u00e1rmol artificial, fibra de vidrio, porcelana u otro material. M\u00e1s [&hellip;]<\/p>\n","protected":false},"author":1,"featured_media":0,"parent":0,"menu_order":0,"comment_status":"closed","ping_status":"closed","template":"","meta":{"om_disable_all_campaigns":false,"_monsterinsights_skip_tracking":false,"_monsterinsights_sitenote_active":false,"_monsterinsights_sitenote_note":"","_monsterinsights_sitenote_category":0,"footnotes":""},"class_list":["post-31","page","type-page","status-publish","hentry","has-post-title","has-post-date","has-post-category","has-post-tag","has-post-comment","has-post-author",""],"aioseo_notices":[],"builder_content":"<h1>Servicios<\/h1>\n<h2>Nuestros servicios<\/h2>\n<a href=\"\/es\/services\/bathtub-refinishing\" > <img src=\"\/wp-content\/uploads\/2023\/01\/bathtub.jpg\" width=\"200\" title=\"Renovaci\u00f3n de ba\u00f1eras\" alt=\"Restaurar su ba\u00f1era es una excelente manera de ayudar a que su vieja ba\u00f1era luzca como nueva nuevamente y, al mismo tiempo, ahorrar dinero. Podemos hacer que su ba\u00f1era luzca como nueva nuevamente, ya sea de acr\u00edlico, hierro fundido, m\u00e1rmol artificial, fibra de vidrio, porcelana u otro material.\"> <\/a> <h6> <a href=\"\/es\/services\/bathtub-refinishing\" > Renovaci\u00f3n de ba\u00f1eras <\/a> <\/h6> Restaurar su ba\u00f1era es una excelente manera de ayudar a que su vieja ba\u00f1era luzca como nueva nuevamente y, al mismo tiempo, ahorrar dinero. Podemos hacer que su ba\u00f1era luzca como nueva nuevamente, ya sea de acr\u00edlico, hierro fundido, m\u00e1rmol artificial, fibra de vidrio, porcelana u otro material.\n<a href=\"\/es\/services\/reglazing-bathtubs\/\" > M\u00e1s informaci\u00f3n <\/a>\n<a href=\"\/es\/services\/sink-refinishing\" > <img src=\"\/wp-content\/uploads\/2023\/01\/sink.jpg\" width=\"200\" title=\"Renovaci\u00f3n de lavabos\" alt=\"Ya sea que su fregadero est\u00e9 estropeado por desconchones antiest\u00e9ticos o manchas que no puede quitar sin importar cu\u00e1nto frote, \u00a1no est\u00e1 m\u00e1s all\u00e1 de la reparaci\u00f3n! Sol\u00eda \u200b\u200bser que reemplazar un fregadero era su \u00fanica opci\u00f3n, pero hoy, podemos reparar, restaurar, reacondicionar, renovar, esmaltar y cambiar el color de su fregadero de cocina o ba\u00f1o en solo unas horas por solo una fracci\u00f3n del costo, \u00a1sin desorden, sin complicaciones! \u00a1Lo mejor de todo es que el resultado final es un fregadero que parece nuevo!\"> <\/a> <h6> <a href=\"\/es\/services\/sink-refinishing\" > Renovaci\u00f3n de lavabos <\/a> <\/h6> Ya sea que su fregadero est\u00e9 estropeado por desconchones antiest\u00e9ticos o manchas que no puede quitar sin importar cu\u00e1nto frote, \u00a1no est\u00e1 m\u00e1s all\u00e1 de la reparaci\u00f3n! Sol\u00eda \u200b\u200bser que reemplazar un fregadero era su \u00fanica opci\u00f3n, pero hoy, podemos reparar, restaurar, reacondicionar, renovar, esmaltar y cambiar el color de su fregadero de cocina o ba\u00f1o en solo unas horas por solo una fracci\u00f3n del costo, \u00a1sin desorden, sin complicaciones! \u00a1Lo mejor de todo es que el resultado final es un fregadero que parece nuevo!\n<a href=\"\/es\/services\/reglazing-sinks\/\" > M\u00e1s informaci\u00f3n <\/a>\n<a href=\"\/es\/services\/tile-refinishing\/\" > <img src=\"\/wp-content\/uploads\/2023\/01\/tile.jpg\" width=\"200\" title=\"Renovaci\u00f3n de azulejos\" alt=\"Si sus azulejos est\u00e1n desgastados, agrietados o desconchados, es posible que desee reemplazarlos, pero si el problema es est\u00e9tico en lugar de su estado, entonces renovarlos es una opci\u00f3n perfecta y es una manera f\u00e1cil de actualizar los azulejos del ba\u00f1o sin reemplazarlos. Es una opci\u00f3n mucho m\u00e1s econ\u00f3mica y sencilla que una renovaci\u00f3n total y, dado que los azulejos que se cuidan pueden durar mucho tiempo, renovarlos como una actualizaci\u00f3n de estilo extender\u00e1 su vida \u00fatil.\"> <\/a> <h6> <a href=\"\/es\/services\/tile-refinishing\/\" > Renovaci\u00f3n de azulejos <\/a> <\/h6> Si sus azulejos est\u00e1n desgastados, agrietados o desconchados, es posible que desee reemplazarlos, pero si el problema es est\u00e9tico en lugar de su estado, entonces renovarlos es una opci\u00f3n perfecta y es una manera f\u00e1cil de actualizar los azulejos del ba\u00f1o sin reemplazarlos. Es una opci\u00f3n mucho m\u00e1s econ\u00f3mica y sencilla que una renovaci\u00f3n total y, dado que los azulejos que se cuidan pueden durar mucho tiempo, renovarlos como una actualizaci\u00f3n de estilo extender\u00e1 su vida \u00fatil.\n<a href=\"\/es\/services\/reglazing-tiles\/\" > M\u00e1s informaci\u00f3n <\/a>","_links":{"self":[{"href":"https:\/\/bathtub-refinishing-chicago.com\/es\/wp-json\/wp\/v2\/pages\/31"}],"collection":[{"href":"https:\/\/bathtub-refinishing-chicago.com\/es\/wp-json\/wp\/v2\/pages"}],"about":[{"href":"https:\/\/bathtub-refinishing-chicago.com\/es\/wp-json\/wp\/v2\/types\/page"}],"author":[{"embeddable":true,"href":"https:\/\/bathtub-refinishing-chicago.com\/es\/wp-json\/wp\/v2\/users\/1"}],"replies":[{"embeddable":true,"href":"https:\/\/bathtub-refinishing-chicago.com\/es\/wp-json\/wp\/v2\/comments?post=31"}],"version-history":[{"count":6,"href":"https:\/\/bathtub-refinishing-chicago.com\/es\/wp-json\/wp\/v2\/pages\/31\/revisions"}],"predecessor-version":[{"id":314,"href":"https:\/\/bathtub-refinishing-chicago.com\/es\/wp-json\/wp\/v2\/pages\/31\/revisions\/314"}],"wp:attachment":[{"href":"https:\/\/bathtub-refinishing-chicago.com\/es\/wp-json\/wp\/v2\/media?parent=31"}],"curies":[{"name":"wp","href":"https:\/\/api.w.org\/{rel}","templated":true}]}}