{"id":27,"date":"2016-12-28T05:24:23","date_gmt":"2016-12-28T05:24:23","guid":{"rendered":"https:\/\/reglazingbathtubs.com\/index.php\/about\/"},"modified":"2024-09-11T05:22:47","modified_gmt":"2024-09-11T05:22:47","slug":"about","status":"publish","type":"page","link":"https:\/\/bathtub-refinishing-chicago.com\/es\/about\/","title":{"rendered":"About"},"content":{"rendered":"<!--themify_builder_content-->\n<div id=\"themify_builder_content-27\" data-postid=\"27\" class=\"themify_builder_content themify_builder_content-27 themify_builder tf_clear\">\n    \t<!-- module_row -->\n\t<div  data-css_id=\"wi69690\" data-lazy=\"1\" class=\"module_row themify_builder_row builder-zoom-scrolling fullwidth_row_container tb_wi69690 tb_first tf_clearfix wow\" data-tf-animation=\"fadeIn\" >\n\t    <div class=\"builder_row_cover tf_abs\"><\/div>\t\t<div class=\"row_inner col_align_top col-count-1 tf_box tf_w tf_rel\">\n\t\t\t<div  data-lazy=\"1\" class=\"module_column tb-column col-full first tb_44ze005 tf_box\">\n\t\t\t    \t        <div class=\"tb-column-inner tf_box tf_w\">\n\t\t    <!-- module text -->\n<div  class=\"module module-text tb_fbh8590    wow\" data-tf-animation=\"fadeInUp\" data-lazy=\"1\">\n        <div  class=\"tb_text_wrap\">\n    <h1>Sobre nosotros<\/h1>    <\/div>\n<\/div>\n<!-- \/module text -->\t        <\/div>\n\t    \t<\/div>\n\t\t    <\/div>\n\t    <!-- \/row_inner -->\n\t<\/div>\n\t<!-- \/module_row -->\n\t\t<!-- module_row -->\n\t<div  data-lazy=\"1\" class=\"module_row themify_builder_row tb_796h611 tf_clearfix\" >\n\t    \t\t<div class=\"row_inner col_align_middle col-count-2 tf_box tf_w tf_rel\">\n\t\t\t<div  data-lazy=\"1\" style=\"width: 51.6753%\" class=\"module_column tb-column col4-2 first tb_zzap039 tf_box\">\n\t\t\t    \t        <div class=\"tb-column-inner tf_box tf_w\">\n\t\t    <!-- module image -->\n<div  class=\"module module-image tb_rmwp066   image-top tf_mw wow\" data-tf-animation=\"fadeInLeft\" data-lazy=\"1\">\n        <div class=\"image-wrap tf_rel tf_mw\">\n\t\t    <img decoding=\"async\" src=\"\/wp-content\/uploads\/2023\/03\/fast_home_repair.jpg\" width=\"710\" title=\"About\" alt=\"About\">\t\n\t\t<\/div>\n\t<!-- \/image-wrap -->\n    \n    \t<\/div>\n<!-- \/module image -->\t        <\/div>\n\t    \t<\/div>\n\t\t<div  data-lazy=\"1\" style=\"width: 45.125%\" class=\"module_column tb-column col4-2 last tb_amdm056 tf_box\">\n\t\t\t    \t        <div class=\"tb-column-inner tf_box tf_w\">\n\t\t    <!-- module text -->\n<div  class=\"module module-text tb_lqna766    wow\" data-tf-animation=\"fadeInRight\" data-lazy=\"1\">\n        <div  class=\"tb_text_wrap\">\n    <h2>\u00a0<\/h2>\n<p>En Fast Home Repair LLC Bathtub refinishing, nos apasiona ayudar a nuestros clientes a transformar sus ba\u00f1eras viejas y desgastadas en accesorios hermosos y como nuevos. Creemos que todos merecen un ba\u00f1o c\u00f3modo y elegante, sin importar su presupuesto, y es por eso que ofrecemos servicios de renovaci\u00f3n de acabado asequibles y de alta calidad.<\/p>\n<p><span style=\"background-color: initial; font-size: 1em;\">Nuestro equipo est\u00e1 formado por profesionales experimentados que se dedican a brindar un servicio y una artesan\u00eda excepcionales. Usamos solo los mejores materiales y equipos para garantizar que cada ba\u00f1era que restauramos se vea bien y dure por muchos a\u00f1os. Nos enorgullecemos de nuestra atenci\u00f3n al detalle y nuestro compromiso con la satisfacci\u00f3n del cliente.<\/span><\/p>\n<p><span style=\"background-color: initial; font-size: 1em;\">Sabemos que la idea de renovar su ba\u00f1o puede ser abrumadora, pero con nuestros servicios de renovaci\u00f3n de acabado, no tiene que preocuparse por el desorden, el tiempo o el gasto de una remodelaci\u00f3n completa. Nuestro proceso es r\u00e1pido, limpio y asequible, y haremos que su ba\u00f1era luzca como nueva en poco tiempo.<\/span><\/p>\n<p><span style=\"background-color: initial; font-size: 1em;\">Ya sea propietario, arrendador o contratista, estamos aqu\u00ed para ayudarlo con todas sus necesidades de renovaci\u00f3n de ba\u00f1eras. Cont\u00e1ctenos hoy para programar una consulta o para obtener m\u00e1s informaci\u00f3n sobre nuestros servicios. \u00a1Estamos ansiosos por ayudarlo a transformar su ba\u00f1o!<\/span><\/p>    <\/div>\n<\/div>\n<!-- \/module text -->\t        <\/div>\n\t    \t<\/div>\n\t\t    <\/div>\n\t    <!-- \/row_inner -->\n\t<\/div>\n\t<!-- \/module_row -->\n\t\t<!-- module_row -->\n\t<div  data-lazy=\"1\" class=\"module_row themify_builder_row tb_ynhj680 tf_clearfix\" >\n\t    \t\t<div class=\"row_inner col_align_top col-count-1 tf_box tf_w tf_rel\">\n\t\t\t<div  data-lazy=\"1\" class=\"module_column tb-column col-full first tb_4bdg999 tf_box\">\n\t\t\t    \t        <div class=\"tb-column-inner tf_box tf_w\">\n\t\t    <!-- module text -->\n<div  class=\"module module-text tb_30jo666    wow\" data-tf-animation=\"fadeInUp\" data-lazy=\"1\">\n        <div  class=\"tb_text_wrap\">\n    <h2>\u00a0<\/h2>    <\/div>\n<\/div>\n<!-- \/module text -->\t        <\/div>\n\t    \t<\/div>\n\t\t    <\/div>\n\t    <!-- \/row_inner -->\n\t<\/div>\n\t<!-- \/module_row -->\n\t<\/div>\n<!--\/themify_builder_content-->","protected":false},"excerpt":{"rendered":"<p>Sobre nosotros \u00a0 En Fast Home Repair LLC Bathtub refinishing, nos apasiona ayudar a nuestros clientes a transformar sus ba\u00f1eras viejas y desgastadas en accesorios hermosos y como nuevos. Creemos que todos merecen un ba\u00f1o c\u00f3modo y elegante, sin importar su presupuesto, y es por eso que ofrecemos servicios de renovaci\u00f3n de acabado asequibles y [&hellip;]<\/p>\n","protected":false},"author":1,"featured_media":0,"parent":0,"menu_order":0,"comment_status":"closed","ping_status":"closed","template":"","meta":{"om_disable_all_campaigns":false,"_monsterinsights_skip_tracking":false,"_monsterinsights_sitenote_active":false,"_monsterinsights_sitenote_note":"","_monsterinsights_sitenote_category":0,"footnotes":""},"class_list":["post-27","page","type-page","status-publish","hentry","has-post-title","has-post-date","has-post-category","has-post-tag","has-post-comment","has-post-author",""],"aioseo_notices":[],"builder_content":"<h1>Sobre nosotros<\/h1>\n<img src=\"\/wp-content\/uploads\/2023\/03\/fast_home_repair.jpg\" width=\"710\" title=\"About\" alt=\"About\">\n<h2>\u00a0<\/h2> <p>En Fast Home Repair LLC Bathtub refinishing, nos apasiona ayudar a nuestros clientes a transformar sus ba\u00f1eras viejas y desgastadas en accesorios hermosos y como nuevos. Creemos que todos merecen un ba\u00f1o c\u00f3modo y elegante, sin importar su presupuesto, y es por eso que ofrecemos servicios de renovaci\u00f3n de acabado asequibles y de alta calidad.<\/p> <p>Nuestro equipo est\u00e1 formado por profesionales experimentados que se dedican a brindar un servicio y una artesan\u00eda excepcionales. Usamos solo los mejores materiales y equipos para garantizar que cada ba\u00f1era que restauramos se vea bien y dure por muchos a\u00f1os. Nos enorgullecemos de nuestra atenci\u00f3n al detalle y nuestro compromiso con la satisfacci\u00f3n del cliente.<\/p> <p>Sabemos que la idea de renovar su ba\u00f1o puede ser abrumadora, pero con nuestros servicios de renovaci\u00f3n de acabado, no tiene que preocuparse por el desorden, el tiempo o el gasto de una remodelaci\u00f3n completa. Nuestro proceso es r\u00e1pido, limpio y asequible, y haremos que su ba\u00f1era luzca como nueva en poco tiempo.<\/p> <p>Ya sea propietario, arrendador o contratista, estamos aqu\u00ed para ayudarlo con todas sus necesidades de renovaci\u00f3n de ba\u00f1eras. Cont\u00e1ctenos hoy para programar una consulta o para obtener m\u00e1s informaci\u00f3n sobre nuestros servicios. \u00a1Estamos ansiosos por ayudarlo a transformar su ba\u00f1o!<\/p>\n<h2>\u00a0<\/h2>","_links":{"self":[{"href":"https:\/\/bathtub-refinishing-chicago.com\/es\/wp-json\/wp\/v2\/pages\/27"}],"collection":[{"href":"https:\/\/bathtub-refinishing-chicago.com\/es\/wp-json\/wp\/v2\/pages"}],"about":[{"href":"https:\/\/bathtub-refinishing-chicago.com\/es\/wp-json\/wp\/v2\/types\/page"}],"author":[{"embeddable":true,"href":"https:\/\/bathtub-refinishing-chicago.com\/es\/wp-json\/wp\/v2\/users\/1"}],"replies":[{"embeddable":true,"href":"https:\/\/bathtub-refinishing-chicago.com\/es\/wp-json\/wp\/v2\/comments?post=27"}],"version-history":[{"count":9,"href":"https:\/\/bathtub-refinishing-chicago.com\/es\/wp-json\/wp\/v2\/pages\/27\/revisions"}],"predecessor-version":[{"id":311,"href":"https:\/\/bathtub-refinishing-chicago.com\/es\/wp-json\/wp\/v2\/pages\/27\/revisions\/311"}],"wp:attachment":[{"href":"https:\/\/bathtub-refinishing-chicago.com\/es\/wp-json\/wp\/v2\/media?parent=27"}],"curies":[{"name":"wp","href":"https:\/\/api.w.org\/{rel}","templated":true}]}}